{"id":16,"date":"2025-10-26T14:42:22","date_gmt":"2025-10-26T11:42:22","guid":{"rendered":"https:\/\/goatarsa.com\/?page_id=16"},"modified":"2025-10-26T15:24:52","modified_gmt":"2025-10-26T12:24:52","slug":"hakkimizda","status":"publish","type":"page","link":"https:\/\/goatarsa.com\/?page_id=16","title":{"rendered":"Hakk\u0131m\u0131zda"},"content":{"rendered":"\n<p><strong>GOAT Arsa<\/strong>, gayrimenkul sekt\u00f6r\u00fcnde <strong>yenilik\u00e7i yakla\u015f\u0131mlar<\/strong> ve <strong>s\u00fcrd\u00fcr\u00fclebilir yat\u0131r\u0131m stratejileri<\/strong>yle \u00f6ne \u00e7\u0131kan, g\u00fcvenilir bir arsa geli\u015ftirme ve yat\u0131r\u0131m firmas\u0131d\u0131r.<br>Tekirda\u011f ba\u015fta olmak \u00fczere T\u00fcrkiye\u2019nin farkl\u0131 b\u00f6lgelerinde, <strong>y\u00fcksek potansiyelli arsalar\u0131<\/strong> yat\u0131r\u0131mc\u0131larla bulu\u015fturarak, onlar\u0131n gelece\u011fe g\u00fcvenle yat\u0131r\u0131m yapmalar\u0131n\u0131 sa\u011flar.<\/p>\n\n\n\n<p>Firmam\u0131z, her projede <strong>\u015feffafl\u0131k, g\u00fcven ve m\u00fc\u015fteri memnuniyeti<\/strong> ilkelerini merkeze al\u0131r. <strong>Hisseli \u015fah\u0131sa \u00f6zel tapu<\/strong>, <strong>hemen tapu teslimi<\/strong>, <strong>\u00e7ap ve muvafakatnameli i\u015flemler<\/strong> gibi avantajlarla yat\u0131r\u0131m s\u00fcrecini kolayla\u015ft\u0131r\u0131r; yat\u0131r\u0131mc\u0131lar\u0131m\u0131za <strong>h\u0131zl\u0131, g\u00fcvenli ve yasal g\u00fcvenceye dayal\u0131 \u00e7\u00f6z\u00fcmler<\/strong> sunar.<\/p>\n\n\n\n<p>GOAT Arsa olarak yaln\u0131zca bug\u00fcn\u00fcn de\u011fil, <strong>yar\u0131n\u0131n de\u011ferine<\/strong> inan\u0131yoruz. Bu nedenle, <strong>deprem fay hatt\u0131 d\u0131\u015f\u0131nda<\/strong>, <strong>uzun vadede imar alan\u0131 i\u00e7erisinde yer alan<\/strong> arsalar\u0131 portf\u00f6y\u00fcm\u00fcze dahil ederek yat\u0131r\u0131mc\u0131lar\u0131m\u0131za <strong>g\u00fcvenli ve kazan\u00e7l\u0131 f\u0131rsatlar<\/strong> olu\u015fturuyoruz. Elektrik ve su gibi altyap\u0131 olanaklar\u0131n\u0131n s\u0131n\u0131rl\u0131 oldu\u011fu arazilerde dahi, <strong>sondaj yap\u0131labilirlik<\/strong> ve <strong>Tiny House \/ prefabrik ev in\u015fa edebilme imk\u00e2n\u0131<\/strong> sunarak yat\u0131r\u0131mc\u0131lar\u0131m\u0131z\u0131n <strong>hayallerindeki ya\u015fam alanlar\u0131n\u0131<\/strong> ger\u00e7e\u011fe d\u00f6n\u00fc\u015ft\u00fcrmelerine olanak sa\u011fl\u0131yoruz.<\/p>\n\n\n\n<p>Yat\u0131r\u0131m s\u00fcre\u00e7lerimizde, m\u00fc\u015fterilerimizin her ad\u0131m\u0131n\u0131 kolayla\u015ft\u0131rmak i\u00e7in <strong>g\u00fc\u00e7l\u00fc teknolojik altyap\u0131<\/strong> ve <strong>sekt\u00f6rel bilgi birikimi<\/strong> kullan\u0131yoruz. <strong>E-Devlet \u00fczerinden hisseli tapu i\u015flemleri<\/strong> gibi yenilik\u00e7i \u00e7\u00f6z\u00fcmlerimizle, yat\u0131r\u0131mc\u0131lar\u0131m\u0131za <strong>zaman ve mek\u00e2n s\u0131n\u0131rlar\u0131n\u0131 a\u015fan bir hizmet deneyimi<\/strong> sunuyoruz.<\/p>\n\n\n\n<p>Sosyal medyada aktif olarak yer alan GOAT Arsa, yat\u0131r\u0131mc\u0131lar\u0131na ve takip\u00e7ilerine <strong>g\u00fcncel projeler, yeni f\u0131rsatlar ve sekt\u00f6rel bilgiler<\/strong> sunar.<\/p>\n\n\n\n<p>Yat\u0131r\u0131m d\u00fcnyas\u0131ndaki son geli\u015fmeleri yak\u0131ndan takip etmek ve GOAT Arsa\u2019n\u0131n sundu\u011fu <strong>benzersiz yat\u0131r\u0131m f\u0131rsatlar\u0131ndan<\/strong> haberdar olmak i\u00e7in bizi sosyal medya hesaplar\u0131m\u0131zdan takip edebilirsiniz.<\/p>\n\n\n\n<p><strong>GOAT Arsa<\/strong>, yat\u0131r\u0131m\u0131n\u0131z\u0131 g\u00fcvenle gelece\u011fe ta\u015f\u0131man\u0131z i\u00e7in her zaman yan\u0131n\u0131zda.<\/p>\n","protected":false},"excerpt":{"rendered":"<p>GOAT Arsa, gayrimenkul sekt\u00f6r\u00fcnde yenilik\u00e7i yakla\u015f\u0131mlar ve s\u00fcrd\u00fcr\u00fclebilir yat\u0131r\u0131m stratejileriyle \u00f6ne \u00e7\u0131kan, g\u00fcvenilir bir arsa geli\u015ftirme ve yat\u0131r\u0131m firmas\u0131d\u0131r.Tekirda\u011f ba\u015fta olmak \u00fczere T\u00fcrkiye\u2019nin farkl\u0131 b\u00f6lgelerinde, y\u00fcksek potansiyelli arsalar\u0131 yat\u0131r\u0131mc\u0131larla bulu\u015fturarak, onlar\u0131n gelece\u011fe g\u00fcvenle yat\u0131r\u0131m yapmalar\u0131n\u0131 sa\u011flar. Firmam\u0131z, her projede \u015feffafl\u0131k, g\u00fcven ve m\u00fc\u015fteri memnuniyeti ilkelerini merkeze al\u0131r. Hisseli \u015fah\u0131sa \u00f6zel tapu, hemen tapu teslimi, \u00e7ap [&hellip;]<\/p>\n","protected":false},"author":3,"featured_media":0,"parent":0,"menu_order":0,"comment_status":"closed","ping_status":"closed","template":"","meta":{"footnotes":""},"class_list":["post-16","page","type-page","status-publish","hentry"],"_links":{"self":[{"href":"https:\/\/goatarsa.com\/index.php?rest_route=\/wp\/v2\/pages\/16","targetHints":{"allow":["GET"]}}],"collection":[{"href":"https:\/\/goatarsa.com\/index.php?rest_route=\/wp\/v2\/pages"}],"about":[{"href":"https:\/\/goatarsa.com\/index.php?rest_route=\/wp\/v2\/types\/page"}],"author":[{"embeddable":true,"href":"https:\/\/goatarsa.com\/index.php?rest_route=\/wp\/v2\/users\/3"}],"replies":[{"embeddable":true,"href":"https:\/\/goatarsa.com\/index.php?rest_route=%2Fwp%2Fv2%2Fcomments&post=16"}],"version-history":[{"count":3,"href":"https:\/\/goatarsa.com\/index.php?rest_route=\/wp\/v2\/pages\/16\/revisions"}],"predecessor-version":[{"id":34,"href":"https:\/\/goatarsa.com\/index.php?rest_route=\/wp\/v2\/pages\/16\/revisions\/34"}],"wp:attachment":[{"href":"https:\/\/goatarsa.com\/index.php?rest_route=%2Fwp%2Fv2%2Fmedia&parent=16"}],"curies":[{"name":"wp","href":"https:\/\/api.w.org\/{rel}","templated":true}]}}